{"id":2,"date":"2019-10-09T06:41:54","date_gmt":"2019-10-09T06:41:54","guid":{"rendered":"http:\/\/id06.ee.klient.veebimajutus.ee\/?page_id=2"},"modified":"2021-07-26T07:52:34","modified_gmt":"2021-07-26T07:52:34","slug":"broneeri-aeg","status":"publish","type":"page","link":"https:\/\/id06.gowork.ee\/rus\/broneeri-aeg\/","title":{"rendered":"\u0417\u0430\u0431\u0440\u043e\u043d\u0438\u0440\u043e\u0432\u0430\u0442\u044c \u0432\u0440\u0435\u043c\u044f"},"content":{"rendered":"<div class=\"wpb-content-wrapper\"><div class=\"vc_row section-element\">\n\t<div class=\"vc_col-sm-12\">\n\t\t\t\n\t<div class=\"wpb_text_column wpb_content_element  vc_custom_1582700702813\">\n\t\t\t<p><strong>\u0418\u043d\u0444\u043e\u0440\u043c\u0430\u0446\u0438\u044f \u043e\u0431 ID06 \u0438 \u0431\u0440\u043e\u043d\u0438\u0440\u043e\u0432\u0430\u043d\u0438\u0435 \u0432\u0440\u0435\u043c\u0435\u043d\u0438 \u0434\u043b\u044f \u0432\u0441\u0442\u0440\u0435\u0447\u0438 \u0432 \u0422\u0430\u043b\u043b\u0438\u043d\u043d\u0435:<br \/>\n\u042d-\u043f\u043e\u0447\u0442\u0430: <a href=\"mailto:id06@gowork.ee\">id06@gowork.ee<\/a><br \/>\n\u0422\u0435\u043b: +372 588 027 88 (EST, RUS, ENG)<\/strong><\/p>\n\n\t<\/div> \n\t<\/div> \n<\/div><div class=\"vc_row section-element\">\n\t<div class=\"vc_col-sm-12  vc_custom_1571553804325\">\n\t\t\t\n<div class=\"wpcf7 no-js\" id=\"wpcf7-f2503-o1\" lang=\"et\" dir=\"ltr\" data-wpcf7-id=\"2503\">\n<div class=\"screen-reader-response\"><p role=\"status\" aria-live=\"polite\" aria-atomic=\"true\"><\/p> <ul><\/ul><\/div>\n<form action=\"\/rus\/wp-json\/wp\/v2\/pages\/2#wpcf7-f2503-o1\" method=\"post\" class=\"wpcf7-form init\" aria-label=\"Contact form\" novalidate=\"novalidate\" data-status=\"init\" data-trp-original-action=\"\/rus\/wp-json\/wp\/v2\/pages\/2#wpcf7-f2503-o1\">\n<div style=\"display: none;\">\n<input type=\"hidden\" name=\"_wpcf7\" value=\"2503\" \/>\n<input type=\"hidden\" name=\"_wpcf7_version\" value=\"6.0.6\" \/>\n<input type=\"hidden\" name=\"_wpcf7_locale\" value=\"et\" \/>\n<input type=\"hidden\" name=\"_wpcf7_unit_tag\" value=\"wpcf7-f2503-o1\" \/>\n<input type=\"hidden\" name=\"_wpcf7_container_post\" value=\"0\" \/>\n<input type=\"hidden\" name=\"_wpcf7_posted_data_hash\" value=\"\" \/>\n<\/div>\n<p><label> \u0418\u043c\u044f \u0438 \u0424\u0430\u043c\u0438\u043b\u0438\u044f*<br \/>\n<span class=\"wpcf7-form-control-wrap\" data-name=\"your-name\"><input size=\"40\" maxlength=\"400\" class=\"wpcf7-form-control wpcf7-text wpcf7-validates-as-required\" aria-required=\"true\" aria-invalid=\"false\" value=\"\" type=\"text\" name=\"your-name\" \/><\/span> <\/label>\n<\/p>\n<p><label> \u0410\u0434\u0440\u0435\u0441 \u044d\u043b\u0435\u043a\u0442\u0440\u043e\u043d\u043d\u043e\u0439 \u043f\u043e\u0447\u0442\u044b*<br \/>\n<span class=\"wpcf7-form-control-wrap\" data-name=\"your-email\"><input size=\"40\" maxlength=\"400\" class=\"wpcf7-form-control wpcf7-email wpcf7-validates-as-required wpcf7-text wpcf7-validates-as-email\" aria-required=\"true\" aria-invalid=\"false\" value=\"\" type=\"email\" name=\"your-email\" \/><\/span> <\/label>\n<\/p>\n<p><label> \u0422\u0435\u043b\u0435\u0444\u043e\u043d*<br \/>\n<span class=\"wpcf7-form-control-wrap\" data-name=\"tel-991\"><input size=\"40\" maxlength=\"400\" class=\"wpcf7-form-control wpcf7-tel wpcf7-validates-as-required wpcf7-text wpcf7-validates-as-tel\" aria-required=\"true\" aria-invalid=\"false\" value=\"\" type=\"tel\" name=\"tel-991\" \/><\/span> <\/label>\n<\/p>\n<p><label> \u0420\u0435\u0433\u0438\u0441\u0442\u0440\u0430\u0446\u0438\u044f \u043f\u0440\u0435\u0434\u043f\u0440\u0438\u044f\u0442\u0438\u044f \u0432 \u0441\u0438\u0441\u0442\u0435\u043c\u0435 ID06 \/ \u0420\u0443\u0447\u043d\u0430\u044f \u0438\u0434\u0435\u043d\u0442\u0438\u0444\u0438\u043a\u0430\u0446\u0438\u044f \u0440\u0430\u0431\u043e\u0442\u043d\u0438\u043a\u043e\u0432 \/ \u041f\u043e\u043c\u043e\u0449\u044c \u0434\u043b\u044f \u0437\u0430\u043a\u0430\u0437\u0430 \u043a\u0430\u0440\u0442 ID06<br \/>\n<span class=\"wpcf7-form-control-wrap\" data-name=\"your-subject\"><input size=\"40\" maxlength=\"400\" class=\"wpcf7-form-control wpcf7-text\" aria-invalid=\"false\" value=\"\" type=\"text\" name=\"your-subject\" \/><\/span> <\/label>\n<\/p>\n<p><label> \u0412\u0430\u0448\u0438 \u0432\u043e\u043f\u0440\u043e\u0441\u044b:<br \/>\n<span class=\"wpcf7-form-control-wrap\" data-name=\"your-message\"><textarea cols=\"40\" rows=\"10\" maxlength=\"2000\" class=\"wpcf7-form-control wpcf7-textarea\" aria-invalid=\"false\" name=\"your-message\"><\/textarea><\/span> <\/label>\n<\/p>\n<p><input class=\"wpcf7-form-control wpcf7-submit has-spinner\" type=\"submit\" value=\"\u041e\u0442\u043f\u0440\u0430\u0432\u0438\u0442\u044c \u0441\u043e\u043e\u0431\u0449\u0435\u043d\u0438\u0435\" \/>\n<\/p><div class=\"wpcf7-response-output\" aria-hidden=\"true\"><\/div>\n<input type=\"hidden\" name=\"trp-form-language\" value=\"rus\"\/><\/form>\n<\/div>\n\n\t<\/div> \n<\/div><div class=\"vc_row section-element\">\n\t<div class=\"vc_col-sm-12\">\n\t\t\t<div class=\"vc_separator wpb_content_element vc_separator_align_center vc_sep_width_100 vc_sep_pos_align_center vc_separator_no_text vc_sep_color_grey wpb_content_element  wpb_content_element\" ><span class=\"vc_sep_holder vc_sep_holder_l\"><span class=\"vc_sep_line\"><\/span><\/span><span class=\"vc_sep_holder vc_sep_holder_r\"><span class=\"vc_sep_line\"><\/span><\/span>\n<\/div>\n\t<\/div> \n<\/div>\n<\/div>","protected":false},"excerpt":{"rendered":"ID06 Info ja kohtumisaegade broneerimine: e-post: id06@gowork.ee Tel: +372 58802788 (EST, RUS, ENG). Nimi (n\u00f5utav) E-mail (n\u00f5utav) Telefon (n\u00f5utav) Mis teenust soovid? 1) Ettev\u00f5tete registreerimine ID06 s\u00fcsteemis? 2) T\u00f6\u00f6tajate manuaalne isikutuvastamine? 3) ID06 kaartide tellimise abi? Kommentaar","protected":false},"author":1,"featured_media":0,"parent":0,"menu_order":0,"comment_status":"closed","ping_status":"open","template":"page-template\/blank-page-sidebar.php","meta":{"footnotes":""},"class_list":["post-2","page","type-page","status-publish","hentry"],"_links":{"self":[{"href":"https:\/\/id06.gowork.ee\/rus\/wp-json\/wp\/v2\/pages\/2","targetHints":{"allow":["GET"]}}],"collection":[{"href":"https:\/\/id06.gowork.ee\/rus\/wp-json\/wp\/v2\/pages"}],"about":[{"href":"https:\/\/id06.gowork.ee\/rus\/wp-json\/wp\/v2\/types\/page"}],"author":[{"embeddable":true,"href":"https:\/\/id06.gowork.ee\/rus\/wp-json\/wp\/v2\/users\/1"}],"replies":[{"embeddable":true,"href":"https:\/\/id06.gowork.ee\/rus\/wp-json\/wp\/v2\/comments?post=2"}],"version-history":[{"count":5,"href":"https:\/\/id06.gowork.ee\/rus\/wp-json\/wp\/v2\/pages\/2\/revisions"}],"predecessor-version":[{"id":2918,"href":"https:\/\/id06.gowork.ee\/rus\/wp-json\/wp\/v2\/pages\/2\/revisions\/2918"}],"wp:attachment":[{"href":"https:\/\/id06.gowork.ee\/rus\/wp-json\/wp\/v2\/media?parent=2"}],"curies":[{"name":"wp","href":"https:\/\/api.w.org\/{rel}","templated":true}]}}