{"id":2732,"date":"2020-11-23T11:03:49","date_gmt":"2020-11-23T11:03:49","guid":{"rendered":"https:\/\/id06.gowork.ee\/?page_id=2732"},"modified":"2026-04-06T21:07:28","modified_gmt":"2026-04-06T21:07:28","slug":"f-skatt","status":"publish","type":"page","link":"https:\/\/id06.gowork.ee\/rus\/home\/f-skatt\/","title":{"rendered":"(F-Skatt)"},"content":{"rendered":"<h3><strong><img loading=\"lazy\" decoding=\"async\" class=\"alignnone wp-image-2739 size-large\" src=\"https:\/\/id06.gowork.ee\/wp-content\/uploads\/2020\/11\/F-Skatt_ID06-1024x683.png\" alt=\"\" width=\"1024\" height=\"683\" srcset=\"https:\/\/id06.gowork.ee\/wp-content\/uploads\/2020\/11\/F-Skatt_ID06-1024x683.png 1024w, https:\/\/id06.gowork.ee\/wp-content\/uploads\/2020\/11\/F-Skatt_ID06-300x200.png 300w, https:\/\/id06.gowork.ee\/wp-content\/uploads\/2020\/11\/F-Skatt_ID06-768x512.png 768w, https:\/\/id06.gowork.ee\/wp-content\/uploads\/2020\/11\/F-Skatt_ID06-600x400.png 600w\" sizes=\"auto, (max-width: 1024px) 100vw, 1024px\" \/><\/strong><\/h3>\n<h3 style=\"text-align: left;\"><strong>\u0428\u0432\u0435\u0434\u0441\u043a\u0438\u0439 \u041d\u0430\u043b\u043e\u0433\u043e\u0432\u044b\u0439 \u0414\u0435\u043f\u0430\u0440\u0442\u0430\u043c\u0435\u043d\u0442 \u0441\u043e\u043e\u0431\u0449\u0430\u0435\u0442:<\/strong>\u0421 01.01.2021 \u0448\u0432\u0435\u0434\u0441\u043a\u0438\u0439 (F-skatt) \u043d\u0430\u043b\u043e\u0433\u043e\u0432\u044b\u0439 \u043d\u043e\u043c\u0435\u0440 \u044f\u0432\u043b\u044f\u0435\u0442\u0441\u044f \u043e\u0431\u044f\u0437\u0430\u0442\u0435\u043b\u044c\u043d\u044b\u043c \u0434\u043b\u044f \u0432\u0441\u0435\u0445 \u043a\u043e\u043c\u043f\u0430\u043d\u0438\u0439, \u043f\u0440\u0435\u0434\u043e\u0441\u0442\u0430\u0432\u043b\u044f\u044e\u0449\u0438\u0445 \u0443\u0441\u043b\u0443\u0433\u0438 \u043d\u0430 \u0428\u0432\u0435\u0434\u0441\u043a\u043e\u043c \u0440\u044b\u043d\u043a\u0435!<\/h3>\n<p>\u0415\u0441\u043b\u0438 \u043a\u043e\u043c\u043f\u0430\u043d\u0438\u044f \u043f\u0440\u0435\u0434\u043e\u0441\u0442\u0430\u0432\u043b\u044f\u0435\u0442 \u043a\u0430\u043a\u0438\u0435-\u043b\u0438\u0431\u043e \u0443\u0441\u043b\u0443\u0433\u0438 \u0432 \u0428\u0432\u0435\u0446\u0438\u0438, \u0440\u0435\u0433\u0438\u0441\u0442\u0440\u0430\u0446\u0438\u044f \u043d\u0430\u043b\u043e\u0433\u043e\u0432\u043e\u0433\u043e \u043d\u043e\u043c\u0435\u0440\u0430 (F-skatt) \u044f\u0432\u043b\u044f\u0435\u0442\u0441\u044f \u043e\u0431\u044f\u0437\u0430\u0442\u0435\u043b\u044c\u043d\u043e\u0439. \u0421\u0447\u0435\u0442-\u0444\u0430\u043a\u0442\u0443\u0440\u0430 \u043f\u043e\u043a\u0443\u043f\u043a\u0438 \u0443\u0441\u043b\u0443\u0433 \u0434\u043e\u043b\u0436\u043d\u0430 \u0432\u043a\u043b\u044e\u0447\u0430\u0442\u044c \u043e\u0442\u043c\u0435\u0442\u043a\u0443 \u00abInnehar F-skatt\u00bb (\u0442.\u0435. \u043f\u0440\u043e\u0434\u0430\u0432\u0435\u0446 \u0438\u043c\u0435\u0435\u0442 \u0440\u0435\u0433\u0438\u0441\u0442\u0440\u0430\u0446\u0438\u044e F-skatt). \u0415\u0441\u043b\u0438 \u043e\u043d \u0441\u0443\u0449\u0435\u0441\u0442\u0432\u0443\u0435\u0442, \u043c\u043e\u0436\u043d\u043e \u043e\u043f\u043b\u0430\u0442\u0438\u0442\u044c \u0441\u0447\u0435\u0442 \u0431\u0435\u0437 \u0443\u043f\u043b\u0430\u0442\u044b \u0441\u043e\u043e\u0442\u0432\u0435\u0442\u0441\u0442\u0432\u0443\u044e\u0449\u0435\u0433\u043e \u0441\u043e\u0446\u0438\u0430\u043b\u044c\u043d\u043e\u0433\u043e \u0438 \u043f\u043e\u0434\u043e\u0445\u043e\u0434\u043d\u043e\u0433\u043e \u043d\u0430\u043b\u043e\u0433\u0430. \u0415\u0441\u043b\u0438 \u0432 \u0441\u0447\u0435\u0442\u0435-\u0444\u0430\u043a\u0442\u0443\u0440\u0435 \u043d\u0435 \u0443\u043a\u0430\u0437\u0430\u043d\u043e \u00abInnehar F-skatt\u00bb, \u043f\u043e\u043a\u0443\u043f\u0430\u0442\u0435\u043b\u044c \u043e\u0431\u044f\u0437\u0430\u043d \u0443\u043f\u043b\u0430\u0442\u0438\u0442\u044c \u043f\u0440\u043e\u0434\u0430\u0432\u0446\u0443 \u043f\u043e\u0434\u043e\u0445\u043e\u0434\u043d\u044b\u0439 \u0438 \u0441\u043e\u0446\u0438\u0430\u043b\u044c\u043d\u044b\u0439 \u043d\u0430\u043b\u043e\u0433 \u0432 \u0440\u0430\u0437\u043c\u0435\u0440\u0435 30% \u043e\u0442 \u0443\u043f\u043b\u0430\u0447\u0435\u043d\u043d\u043e\u0439 \u0441\u0443\u043c\u043c\u044b.<\/p>\n<p><strong>\u0421 \u043f\u043e\u043c\u043e\u0449\u044c\u044e Kustutaja O\u00dc \u043c\u043e\u0436\u043d\u043e \u043f\u043e\u0434\u0430\u0442\u044c \u0432 \u041d\u0430\u043b\u043e\u0433\u043e\u0432\u043e\u0435 \u0414\u0435\u043f\u0430\u0440\u0442\u0430\u043c\u0435\u043d\u0442 \u0428\u0432\u0435\u0446\u0438\u0438 \u0441\u043b\u0435\u0434\u0443\u044e\u0449\u0438\u0435 \u0437\u0430\u044f\u0432\u043b\u0435\u043d\u0438\u044f, \u0441\u0432\u044f\u0437\u0430\u043d\u043d\u044b\u0435 \u0441 \u0440\u0435\u0433\u0438\u0441\u0442\u0440\u0430\u0446\u0438\u0435\u0439 F-skatt:<\/strong><\/p>\n<p>- \u043f\u043e\u0434\u0433\u043e\u0442\u043e\u0432\u043a\u0430 \u0437\u0430\u044f\u0432\u043b\u0435\u043d\u0438\u044f \u043d\u0430 \u043d\u0430\u043b\u043e\u0433\u043e\u0432\u044b\u0439 \u0443\u0447\u0435\u0442 (F-skatt)<br \/>\n- \u043f\u043e\u0434\u0433\u043e\u0442\u043e\u0432\u043a\u0430 \u0437\u0430\u044f\u0432\u043b\u0435\u043d\u0438\u044f \u043d\u0430 \u0440\u0435\u0433\u0438\u0441\u0442\u0440\u0430\u0446\u0438\u044e \u0432 \u043a\u0430\u0447\u0435\u0441\u0442\u0432\u0435 \u043d\u0430\u043b\u043e\u0433\u043e\u043f\u043b\u0430\u0442\u0435\u043b\u044c\u0449\u0438\u043a\u0430 \u0434\u043b\u044f \u0446\u0435\u043b\u0435\u0439 \u041d\u0414\u0421 (MOMS)<br \/>\n- \u043f\u043e\u0434\u0433\u043e\u0442\u043e\u0432\u043a\u0430 \u0437\u0430\u044f\u0432\u043a\u0438 \u043d\u0430 \u0440\u0435\u0433\u0438\u0441\u0442\u0440\u0430\u0446\u0438\u044e \u0432 \u043a\u0430\u0447\u0435\u0441\u0442\u0432\u0435 \u0440\u0430\u0431\u043e\u0442\u043e\u0434\u0430\u0442\u0435\u043b\u044f (Arbetsgivare)<br \/>\n- \u043f\u043e\u0434\u0433\u043e\u0442\u043e\u0432\u043a\u0430 \u0437\u0430\u044f\u0432\u043b\u0435\u043d\u0438\u044f \u043e \u0432\u043d\u0435\u0441\u0435\u043d\u0438\u0438 \u0438\u0437\u043c\u0435\u043d\u0435\u043d\u0438\u0439 \u0438 \u0434\u043e\u043f\u043e\u043b\u043d\u0435\u043d\u0438\u0439 \u0432 \u043d\u0430\u043b\u043e\u0433\u043e\u0432\u044b\u0439 \u0443\u0447\u0435\u0442<br \/>\n- \u043f\u043e\u0434\u0433\u043e\u0442\u043e\u0432\u043a\u0430 \u0437\u0430\u044f\u0432\u043b\u0435\u043d\u0438\u044f \u043e \u043f\u0440\u0435\u043a\u0440\u0430\u0449\u0435\u043d\u0438\u0438 \u043d\u0430\u043b\u043e\u0433\u043e\u0432\u043e\u0433\u043e \u0443\u0447\u0435\u0442\u0430<\/p>\n<p>NB! \u0420\u0430\u0437\u0443\u043c\u0435\u0435\u0442\u0441\u044f, \u0437\u0430\u044f\u0432\u043b\u0435\u043d\u0438\u044f \u043e \u043f\u0440\u0435\u043a\u0440\u0430\u0449\u0435\u043d\u0438\u0438 \u0434\u0435\u0439\u0441\u0442\u0432\u0438\u044f \u043d\u0430\u043b\u043e\u0433\u043e\u0432\u043e\u0433\u043e \u043d\u043e\u043c\u0435\u0440\u0430 F-skatt \u0442\u0430\u043a\u0436\u0435 \u0434\u043e\u043b\u0436\u043d\u044b \u0431\u044b\u0442\u044c \u043f\u043e\u0434\u0430\u043d\u044b \u043f\u0440\u0438 \u043f\u0440\u0435\u043a\u0440\u0430\u0449\u0435\u043d\u0438\u0438 \u0434\u0435\u044f\u0442\u0435\u043b\u044c\u043d\u043e\u0441\u0442\u0438 \u0432 \u0428\u0432\u0435\u0446\u0438\u0438.<\/p>\n<p>\u0412 \u0434\u043e\u043f\u043e\u043b\u043d\u0435\u043d\u0438\u0435 \u043a \u043f\u0440\u0438\u043b\u043e\u0436\u0435\u043d\u0438\u044f\u043c F-skatt, \u043c\u044b \u0442\u0430\u043a\u0436\u0435 \u043f\u043e\u043c\u043e\u0433\u0430\u0435\u043c \u0437\u0430\u0431\u043b\u0430\u0433\u043e\u0432\u0440\u0435\u043c\u0435\u043d\u043d\u043e \u0443\u0432\u0435\u0434\u043e\u043c\u043b\u044f\u0442\u044c \u0441\u043e\u0442\u0440\u0443\u0434\u043d\u0438\u043a\u043e\u0432, \u043e\u0442\u043f\u0440\u0430\u0432\u043b\u0435\u043d\u043d\u044b\u0445 \u0432 \u0430\u0433\u0435\u043d\u0441\u0442\u0432\u043e \u0440\u0430\u0431\u043e\u0447\u0435\u0439 \u0441\u0440\u0435\u0434\u044b \u0428\u0432\u0435\u0446\u0438\u0438, \u0443\u043f\u0440\u0430\u0432\u043b\u044f\u0442\u044c \u043a\u0430\u0440\u0442\u0430\u043c\u0438 ID06 \u0434\u043b\u044f \u0448\u0432\u0435\u0434\u0441\u043a\u0438\u0445 \u0441\u0442\u0440\u043e\u0438\u0442\u0435\u043b\u0435\u0439 \u0438 \u0442\u0430\u043a \u0434\u0430\u043b\u0435\u0435.<\/p>\n<p><strong>F-skatt avalduste koostamine 250\u20ac<\/strong><br \/>\n<strong>Rootsi l\u00e4hetatud t\u00f6\u00f6taja eelteade 20\u20ac<br \/>\n<\/strong>\u041a \u0446\u0435\u043d\u0430\u043c \u0434\u043e\u0431\u0430\u0432\u043b\u044f\u0435\u0442\u0441\u044f \u043d\u0430\u043b\u043e\u0433 \u0441 \u043e\u0431\u043e\u0440\u043e\u0442\u0430.\u00a0<\/p>\n<p>\u0422\u0435\u043b\u0435\u0444\u043e\u043d: +372 588 027 88\u202f(\u044d\u0441\u0442., \u0440\u0443\u0441., \u0430\u043d\u0433\u043b.).<br \/>\n\u042d-\u043f\u043e\u0447\u0442\u0430: <a href=\"mailto:id06@gowork.ee\">id06@gowork.ee<\/a><\/p>","protected":false},"excerpt":{"rendered":"<p>Rootsi Maksuamet annab teada:Alates 01.01.2021 on Rootsi F-skatt ehk maksunumber k\u00f5ikidele Rootsi turule teenuseid osutavatele ettev\u00f5tetele kohustuslik! Kui ettev\u00f5te osutab Rootsis mis tahes teenust, on maksunumbri (F-skatt) registreering kohustuslik. Teenuste eest esitataval ostuarvel peab sisalduma m\u00e4rge \u201eInnehar F-skatt\u201d (st m\u00fc\u00fcjal on olemas F-skatt registreering). Selle olemasolul on v\u00f5imalik maksta arve ilma tekkiva sotsiaal- ja tulumaksu [&hellip;]<\/p>","protected":false},"author":1,"featured_media":0,"parent":832,"menu_order":0,"comment_status":"closed","ping_status":"closed","template":"page-template\/blank-page-sidebar.php","meta":{"footnotes":""},"class_list":["post-2732","page","type-page","status-publish","hentry"],"_links":{"self":[{"href":"https:\/\/id06.gowork.ee\/rus\/wp-json\/wp\/v2\/pages\/2732","targetHints":{"allow":["GET"]}}],"collection":[{"href":"https:\/\/id06.gowork.ee\/rus\/wp-json\/wp\/v2\/pages"}],"about":[{"href":"https:\/\/id06.gowork.ee\/rus\/wp-json\/wp\/v2\/types\/page"}],"author":[{"embeddable":true,"href":"https:\/\/id06.gowork.ee\/rus\/wp-json\/wp\/v2\/users\/1"}],"replies":[{"embeddable":true,"href":"https:\/\/id06.gowork.ee\/rus\/wp-json\/wp\/v2\/comments?post=2732"}],"version-history":[{"count":5,"href":"https:\/\/id06.gowork.ee\/rus\/wp-json\/wp\/v2\/pages\/2732\/revisions"}],"predecessor-version":[{"id":19351,"href":"https:\/\/id06.gowork.ee\/rus\/wp-json\/wp\/v2\/pages\/2732\/revisions\/19351"}],"up":[{"embeddable":true,"href":"https:\/\/id06.gowork.ee\/rus\/wp-json\/wp\/v2\/pages\/832"}],"wp:attachment":[{"href":"https:\/\/id06.gowork.ee\/rus\/wp-json\/wp\/v2\/media?parent=2732"}],"curies":[{"name":"wp","href":"https:\/\/api.w.org\/{rel}","templated":true}]}}