{"id":334,"date":"2018-11-18T09:56:26","date_gmt":"2018-11-18T09:56:26","guid":{"rendered":"http:\/\/pluginspoint.com\/dustrial\/?page_id=334"},"modified":"2026-04-06T21:14:12","modified_gmt":"2026-04-06T21:14:12","slug":"id06","status":"publish","type":"page","link":"https:\/\/id06.gowork.ee\/rus\/id06\/","title":{"rendered":"ID06"},"content":{"rendered":"<div class=\"wpb-content-wrapper\"><div class=\"vc_row section-element\">\n\t<div class=\"vc_col-sm-12\">\n\t\t\t\n\t<div class=\"wpb_text_column wpb_content_element  vc_custom_1775510050175\">\n\t\t\t<p class=\"p1\"><strong><span class=\"s1\"><img loading=\"lazy\" decoding=\"async\" class=\"alignright wp-image-2088\" src=\"http:\/\/id06.ee.klient.veebimajutus.ee\/wp-content\/uploads\/2019\/10\/ID06_kaart.png\" alt=\"\" width=\"187\" height=\"400\" srcset=\"https:\/\/id06.gowork.ee\/wp-content\/uploads\/2019\/10\/ID06_kaart.png 332w, https:\/\/id06.gowork.ee\/wp-content\/uploads\/2019\/10\/ID06_kaart-140x300.png 140w\" sizes=\"auto, (max-width: 187px) 100vw, 187px\" \/>ID06 - \u044d\u043b\u0435\u043a\u0442\u0440\u043e\u043d\u043d\u0430\u044f \u0441\u0438\u0441\u0442\u0435\u043c\u0430 \u0440\u0435\u0433\u0438\u0441\u0442\u0440\u0430\u0446\u0438\u0438 \u043b\u0438\u0446 \u043d\u0430 \u0441\u0442\u0440\u043e\u0438\u0442\u0435\u043b\u044c\u043d\u044b\u0445 \u043e\u0431\u044a\u0435\u043a\u0442\u0430\u0445 \u0428\u0432\u0435\u0446\u0438\u0438.<br \/>\n<\/span><\/strong><span class=\"s1\"><br \/>\n<\/span><span class=\"s1\">\u0427\u0442\u043e\u0431\u044b \u0441\u043e\u0437\u0434\u0430\u0442\u044c \u0431\u043e\u043b\u0435\u0435 \u0431\u0435\u0437\u043e\u043f\u0430\u0441\u043d\u0443\u044e \u0440\u0430\u0431\u043e\u0447\u0443\u044e \u0441\u0440\u0435\u0434\u0443 \u0438 \u043f\u0440\u0435\u0434\u043e\u0442\u0432\u0440\u0430\u0442\u0438\u0442\u044c \u0438\u0441\u043f\u043e\u043b\u044c\u0437\u043e\u0432\u0430\u043d\u0438\u0435 \u043d\u0435\u043b\u0435\u0433\u0430\u043b\u044c\u043d\u043e\u0433\u043e \u0442\u0440\u0443\u0434\u0430, \u0441 01.01.2016 \u0433\u0435\u043d\u0435\u0440\u0430\u043b\u044c\u043d\u044b\u0435 \u043f\u043e\u0434\u0440\u044f\u0434\u0447\u0438\u043a\u0438 \u0432 \u0441\u0442\u0440\u043e\u0438\u0442\u0435\u043b\u044c\u043d\u043e\u043c \u0441\u0435\u043a\u0442\u043e\u0440\u0435 \u0428\u0432\u0435\u0446\u0438\u0438 \u0434\u043e\u043b\u0436\u043d\u044b \u043e\u0440\u0433\u0430\u043d\u0438\u0437\u043e\u0432\u044b\u0432\u0430\u0442\u044c \u044d\u043b\u0435\u043a\u0442\u0440\u043e\u043d\u043d\u0443\u044e \u0440\u0435\u0433\u0438\u0441\u0442\u0440\u0430\u0446\u0438\u044e \u0440\u0430\u0431\u043e\u0442\u044b \u0438 \u0440\u0430\u0431\u043e\u0447\u0435\u0433\u043e \u0432\u0440\u0435\u043c\u0435\u043d\u0438. \u0428\u0432\u0435\u0434\u0441\u043a\u0430\u044f \u0430\u0441\u0441\u043e\u0446\u0438\u0430\u0446\u0438\u044f \u0441\u0442\u0440\u043e\u0438\u0442\u0435\u043b\u044c\u043d\u044b\u0445 \u043a\u043e\u043c\u043f\u0430\u043d\u0438\u0439 \u0438 \u0434\u0440\u0443\u0433\u0438\u0435 \u043a\u0440\u0443\u043f\u043d\u044b\u0435 \u043f\u0440\u043e\u0444\u0441\u043e\u044e\u0437\u044b \u0440\u0430\u0431\u043e\u0442\u043e\u0434\u0430\u0442\u0435\u043b\u0435\u0439 \u0432 \u0441\u043e\u0442\u0440\u0443\u0434\u043d\u0438\u0447\u0435\u0441\u0442\u0432\u0435 \u0441\u043e \u0428\u0432\u0435\u0434\u0441\u043a\u0438\u043c \u043d\u0430\u043b\u043e\u0433\u043e\u0432\u044b\u043c \u0443\u043f\u0440\u0430\u0432\u043b\u0435\u043d\u0438\u0435\u043c<em>(Skatteverket<\/em><\/span><span class=\"s1\">) \u0432\u043d\u0435\u0434\u0440\u0438\u043b\u0438 \u044d\u043b\u0435\u043a\u0442\u0440\u043e\u043d\u043d\u0443\u044e \u0441\u0438\u0441\u0442\u0435\u043c\u0443 ID06 \u0434\u043b\u044f \u0443\u0434\u043e\u0432\u043b\u0435\u0442\u0432\u043e\u0440\u0435\u043d\u0438\u044f \u044d\u0442\u043e\u0433\u043e \u0442\u0440\u0435\u0431\u043e\u0432\u0430\u043d\u0438\u044f.<\/span><\/p>\n<p>\u041d\u0430\u0445\u043e\u0434\u044f\u0449\u0438\u0435\u0441\u044f \u043d\u0430 \u0441\u0442\u0440\u043e\u0438\u0442\u0435\u043b\u044c\u043d\u043e\u043c \u043e\u0431\u044a\u0435\u043a\u0442\u0435 \u043b\u0438\u0446\u0430 (\u0440\u0430\u0431\u043e\u0442\u043d\u0438\u043a\u0438, \u043f\u0440\u0435\u0434\u0441\u0442\u0430\u0432\u0438\u0442\u0435\u043b\u0438 \u043a\u043e\u043c\u043f\u0430\u043d\u0438\u0438, \u043f\u0440\u0430\u043a\u0442\u0438\u043a\u0430\u043d\u0442\u044b, \u0441\u0442\u0443\u0434\u0435\u043d\u0442\u044b), \u0440\u0435\u0433\u0438\u0441\u0442\u0440\u0438\u0440\u0443\u044e\u0442\u0441\u044f \u0432 \u0441\u0438\u0441\u0442\u0435\u043c\u0435 ID06 \u0438 \u043f\u043e\u043b\u0443\u0447\u0430\u044e\u0442 \u043a\u0430\u0440\u0442\u0443 ID06 \u043d\u0430 \u0432\u0435\u0441\u044c \u0441\u0440\u043e\u043a \u043f\u0440\u0435\u0431\u044b\u0432\u0430\u043d\u0438\u044f. \u041d\u0430\u0445\u043e\u0436\u0434\u0435\u043d\u0438\u0435 \u043d\u0430 \u0441\u0442\u0440\u043e\u0438\u0442\u0435\u043b\u044c\u043d\u043e\u043c \u043e\u0431\u044a\u0435\u043a\u0442\u0435 \u043b\u0438\u0446\u0430 \u0431\u0435\u0437 \u043a\u0430\u0440\u0442\u043e\u0447\u043a\u0438 ID06 \u043c\u043e\u0436\u0435\u0442 \u043d\u0430\u0432\u043b\u0435\u0447\u044c \u0441\u0430\u043d\u043a\u0446\u0438\u0438 \u043d\u0430 \u0440\u0430\u0431\u043e\u0442\u043e\u0434\u0430\u0442\u0435\u043b\u044f. \u041a\u0430\u0440\u0442\u044b ID06 \u0441\u043e\u0432\u043c\u0435\u0441\u0442\u0438\u043c\u044b \u0441 \u0441\u0438\u0441\u0442\u0435\u043c\u0430\u043c\u0438 \u0434\u043e\u0441\u0442\u0443\u043f\u0430 \u043d\u0430 \u0441\u0442\u0440\u043e\u0439\u043f\u043b\u043e\u0449\u0430\u0434\u043a\u0443 \u0438 \u0441\u0438\u0441\u0442\u0435\u043c\u043e\u0439 \u0443\u0447\u0435\u0442\u0430 \u0432\u0440\u0435\u043c\u0435\u043d\u0438 - \u0441\u0447\u0438\u0442\u044b\u0432\u0430\u0442\u0435\u043b\u044f\u043c\u0438 \u043a\u0430\u0440\u0442, \u043a\u043e\u0442\u043e\u0440\u044b\u0435 \u0440\u0435\u0433\u0438\u0441\u0442\u0440\u0438\u0440\u0443\u044e\u0442 \u0432\u0445\u043e\u0434, \u0432\u044b\u0445\u043e\u0434 \u0438 \u043f\u0440\u043e\u0434\u043e\u043b\u0436\u0438\u0442\u0435\u043b\u044c\u043d\u043e\u0441\u0442\u044c \u043f\u0440\u0435\u0431\u044b\u0432\u0430\u043d\u0438\u044f \u043d\u0430 \u043e\u0431\u044a\u0435\u043a\u0442\u0435. \u0418\u043d\u0444\u043e\u0440\u043c\u0430\u0446\u0438\u044f, \u0441\u043e\u0431\u0440\u0430\u043d\u043d\u0430\u044f \u0441 \u043f\u043e\u043c\u043e\u0449\u044c\u044e \u0441\u0438\u0441\u0442\u0435\u043c \u043f\u0440\u043e\u0445\u043e\u0436\u0434\u0435\u043d\u0438\u044f \u0438 \u043e\u0442\u0441\u043b\u0435\u0436\u0438\u0432\u0430\u043d\u0438\u044f \u0432\u0440\u0435\u043c\u0435\u043d\u0438, \u0434\u043e\u043b\u0436\u043d\u0430 \u0445\u0440\u0430\u043d\u0438\u0442\u044c\u0441\u044f \u0443 \u0433\u0435\u043d\u0435\u0440\u0430\u043b\u044c\u043d\u043e\u0433\u043e \u043f\u043e\u0434\u0440\u044f\u0434\u0447\u0438\u043a\u0430 \u0438, \u043f\u0440\u0438 \u043d\u0435\u043e\u0431\u0445\u043e\u0434\u0438\u043c\u043e\u0441\u0442\u0438, \u043f\u0435\u0440\u0435\u0434\u0430\u0432\u0430\u0442\u044c\u0441\u044f \u0432 \u0428\u0432\u0435\u0434\u0441\u043a\u043e\u0435 \u043d\u0430\u043b\u043e\u0433\u043e\u0432\u043e\u0435 \u0443\u043f\u0440\u0430\u0432\u043b\u0435\u043d\u0438\u0435 \u0434\u043b\u044f \u0446\u0435\u043b\u0435\u0439 \u043d\u0430\u0434\u0437\u043e\u0440\u0430.<strong><span class=\"s1\">\u00a0<\/span><\/strong><\/p>\n<p>\u0413\u0435\u043d\u0435\u0440\u0430\u043b\u044c\u043d\u044b\u0439 \u043f\u043e\u0434\u0440\u044f\u0434\u0447\u0438\u043a (\u0417\u0430\u043a\u0430\u0437\u0447\u0438\u043a) \u043e\u0442\u0432\u0435\u0447\u0430\u0435\u0442 \u0437\u0430 \u043f\u043e\u0441\u0442\u0440\u043e\u0435\u043d\u0438\u0435 \u0441\u0438\u0441\u0442\u0435\u043c ID06 \u0438 \u043f\u0440\u0435\u0434\u043e\u0441\u0442\u0430\u0432\u043b\u0435\u043d\u0438\u0435 \u0442\u0435\u0445\u043d\u0438\u0447\u0435\u0441\u043a\u043e\u0433\u043e \u043e\u0431\u043e\u0440\u0443\u0434\u043e\u0432\u0430\u043d\u0438\u044f \u043d\u0430 \u0441\u0442\u0440\u043e\u0438\u0442\u0435\u043b\u044c\u043d\u044b\u0445 \u043e\u0431\u044a\u0435\u043a\u0442\u0430\u0445. \u0420\u0430\u0431\u043e\u0442\u043e\u0434\u0430\u0442\u0435\u043b\u0438 \u043d\u0435\u0441\u0443\u0442 \u043e\u0442\u0432\u0435\u0442\u0441\u0442\u0432\u0435\u043d\u043d\u043e\u0441\u0442\u044c \u0437\u0430 \u043d\u0430\u043b\u0438\u0447\u0438\u0435 \u043a\u0430\u0440\u0442 ID06 \u0443 \u0440\u0430\u0431\u043e\u0442\u043d\u0438\u043a\u043e\u0432. \u0427\u0442\u043e\u0431\u044b \u0437\u0430\u043a\u0430\u0437\u0430\u0442\u044c \u043a\u0430\u0440\u0442\u044b ID06, \u0440\u0430\u0431\u043e\u0442\u043e\u0434\u0430\u0442\u0435\u043b\u044c (\u043f\u0440\u0435\u0434\u043f\u0440\u0438\u044f\u0442\u0438\u0435) \u0434\u043e\u043b\u0436\u0435\u043d \u0437\u0430\u0440\u0435\u0433\u0438\u0441\u0442\u0440\u0438\u0440\u043e\u0432\u0430\u0442\u044c\u0441\u044f \u0432 \u044d\u043b\u0435\u043a\u0442\u0440\u043e\u043d\u043d\u043e\u0439 \u0441\u0438\u0441\u0442\u0435\u043c\u0435 ID06.\u0422\u043e\u043b\u044c\u043a\u043e \u0440\u0430\u0431\u043e\u0442\u043e\u0434\u0430\u0442\u0435\u043b\u044c, \u0437\u0430\u0440\u0435\u0433\u0438\u0441\u0442\u0440\u0438\u0440\u043e\u0432\u0430\u043d\u043d\u044b\u0439 \u0432 \u0441\u0438\u0441\u0442\u0435\u043c\u0435 ID06, \u043c\u043e\u0436\u0435\u0442 \u0437\u0430\u043a\u0430\u0437\u0430\u0442\u044c \u043a\u0430\u0440\u0442\u044b ID06 \u0434\u043b\u044f \u0441\u0432\u043e\u0438\u0445 \u0440\u0430\u0431\u043e\u0442\u043d\u0438\u043a\u043e\u0432. \u0414\u043b\u044f \u0440\u0435\u0433\u0438\u0441\u0442\u0440\u0430\u0446\u0438\u0438 \u043f\u0440\u0435\u0434\u043f\u0440\u0438\u044f\u0442\u0438\u044f \u0438 \u0437\u0430\u043a\u0430\u0437\u0430 \u043a\u0430\u0440\u0442 ID06 \u043f\u0440\u0435\u0434\u0441\u0442\u0430\u0432\u0438\u0442\u0435\u043b\u0438 \u0440\u0430\u0431\u043e\u0442\u043e\u0434\u0430\u0442\u0435\u043b\u0435\u0439 \u0438 \u0440\u0430\u0431\u043e\u0442\u043d\u0438\u043a\u0438 \u0434\u043e\u043b\u0436\u043d\u044b \u0438\u0434\u0435\u043d\u0442\u0438\u0444\u0438\u0446\u0438\u0440\u043e\u0432\u0430\u0442\u044c\u0441\u044f \u043d\u0430 \u043e\u0441\u043d\u043e\u0432\u0430\u043d\u0438\u0438 \u0448\u0432\u0435\u0434\u0441\u043a\u043e\u0433\u043e \u0431\u0430\u043d\u043a\u043e\u0432\u0441\u043a\u043e\u0433\u043e \u0438\u0434\u0435\u043d\u0442\u0438\u0444\u0438\u043a\u0430\u0442\u043e\u0440\u0430 (BankID) \u0438\u043b\u0438\u00a0<strong>, \u0432 \u0441\u043b\u0443\u0447\u0430\u0435 \u0435\u0433\u043e \u043e\u0442\u0441\u0443\u0442\u0441\u0442\u0432\u0438\u044f (\u0438\u043d\u043e\u0441\u0442\u0440\u0430\u043d\u043d\u044b\u0435 \u043b\u0438\u0446\u0430), \u043f\u0443\u0442\u0435\u043c \u0440\u0443\u0447\u043d\u043e\u0439 \u0438\u0434\u0435\u043d\u0442\u0438\u0444\u0438\u043a\u0430\u0446\u0438\u0438, \u0432\u044b\u043f\u043e\u043b\u043d\u044f\u0435\u043c\u043e\u0439 \u0430\u043a\u043a\u0440\u0435\u0434\u0438\u0442\u043e\u0432\u0430\u043d\u043d\u044b\u043c \u043f\u0430\u0440\u0442\u043d\u0435\u0440\u043e\u043c ID06, Kustutaja O\u00dc,<\/strong> \u043f\u0440\u0438 \u043f\u043e\u043c\u043e\u0449\u0438 \u0441\u043f\u0435\u0446\u0438\u0430\u043b\u044c\u043d\u043e\u0433\u043e \u0441\u043a\u0430\u043d\u0435\u0440\u0430 \u0434\u043e\u043a\u0443\u043c\u0435\u043d\u0442\u043e\u0432.<\/p>\n<p><strong>\u041f\u043e\u0447\u0435\u043c\u0443 \u0441\u0442\u043e\u0438\u0442 \u0437\u0430\u0440\u0435\u0433\u0438\u0441\u0442\u0440\u0438\u0440\u043e\u0432\u0430\u0442\u044c \u0441\u0432\u043e\u044e \u043a\u043e\u043c\u043f\u0430\u043d\u0438\u044e \u0438 \u0438\u0434\u0435\u043d\u0442\u0438\u0444\u0438\u0446\u0438\u0440\u043e\u0432\u0430\u0442\u044c \u0440\u0430\u0431\u043e\u0442\u043d\u0438\u043a\u043e\u0432 \u043f\u0440\u0435\u0434\u043f\u0440\u0438\u044f\u0442\u0438\u044f \u0432 \u043d\u0430\u0448\u0435\u043c \u0442\u0430\u043b\u043b\u0438\u043d\u043d\u0441\u043a\u043e\u043c \u043e\u0444\u0438\u0441\u0435?<br \/>\n<\/strong><br \/>\n<strong>\u041d\u0430\u0448\u0438 \u043f\u0440\u0435\u0438\u043c\u0443\u0449\u0435\u0441\u0442\u0432\u0430:<\/strong><br \/>\n\u2013 \u0432\u044b\u0433\u043e\u0434\u043d\u044b\u0439 \u043f\u0440\u0435\u0439\u0441\u043a\u0443\u0440\u0430\u043d\u0442<br \/>\n\u2013 \u043c\u044b \u043d\u0435 \u0442\u0440\u0435\u0431\u0443\u0435\u043c \u043f\u0440\u0435\u0434\u043e\u043f\u043b\u0430\u0442\u0443 \u0437\u0430 \u0443\u0441\u043b\u0443\u0433\u0438<br \/>\n\u2013 \u0441\u0440\u0430\u0437\u0443 \u043e\u0442\u0432\u0435\u0447\u0430\u0435\u043c \u043d\u0430 \u0432\u0430\u0448\u0438 \u0437\u0432\u043e\u043d\u043a\u0438 \u0438 \u043f\u0438\u0441\u044c\u043c\u0430<br \/>\n\u2013 \u043d\u0430\u0439\u0434\u0435\u043c \u0434\u043b\u044f \u0432\u0430\u0441 \u043f\u043e\u0434\u0445\u043e\u0434\u044f\u0449\u0435\u0435 \u0432\u0440\u0435\u043c\u044f \u0434\u043b\u044f \u0432\u0441\u0442\u0440\u0435\u0447\u0438 \u0441 \u0446\u0435\u043b\u044c\u044e \u0438\u0434\u0435\u043d\u0442\u0438\u0444\u0438\u043a\u0430\u0446\u0438\u0438 (\u0441\u043a\u0430\u043d\u0438\u0440\u043e\u0432\u0430\u043d\u0438\u044f) \u043b\u0438\u0447\u043d\u043e\u0441\u0442\u0438 \u0432 \u0442\u043e\u0442 \u0436\u0435 \u0434\u0435\u043d\u044c<br \/>\n\u2013 \u0432\u044b \u0432\u0441\u0435\u0433\u0434\u0430 \u043f\u043e\u043b\u0443\u0447\u0438\u0442\u0435 \u0440\u0430\u0437\u043b\u0438\u0447\u043d\u044b\u0435 \u0440\u0435\u043a\u043e\u043c\u0435\u043d\u0434\u0430\u0446\u0438\u0438 \u0434\u043b\u044f \u0437\u0430\u043a\u0430\u0437\u0430 \u043a\u0430\u0440\u0442\u043e\u0447\u0435\u043a<br \/>\n&#8211; osutame teenuseid esmasp\u00e4evast reedeni\u00a0 (E-R 10-16; L kokkuleppel)<br \/>\n\u2013 \u043f\u0440\u0438 \u043d\u0435\u043e\u0431\u0445\u043e\u0434\u0438\u043c\u043e\u0441\u0442\u0438 \u043e\u043a\u0430\u0437\u044b\u0432\u0430\u0435\u043c \u0443\u0441\u043b\u0443\u0433\u0438 \u0443 \u043a\u043b\u0438\u0435\u043d\u0442\u0430 (\u043d\u0430 \u0441\u0442\u0440\u043e\u0438\u0442\u0435\u043b\u044c\u043d\u043e\u043c \u043e\u0431\u044a\u0435\u043a\u0442\u0435, \u0432 \u043e\u0444\u0438\u0441\u0435, \u0432 \u043f\u043e\u0440\u0442\u0443 \u0438 \u0442.\u0434.)<br \/>\n\u2013 \u043f\u0430\u0440\u043a\u043e\u0432\u043a\u0430 \u0432\u043e\u0437\u043b\u0435 \u043d\u0430\u0448\u0435\u0433\u043e \u043f\u0440\u0435\u0434\u0441\u0442\u0430\u0432\u0438\u0442\u0435\u043b\u044c\u0441\u0442\u0432\u0430 \u0432 \u0422\u0430\u043b\u043b\u0438\u043d\u043d\u0435 \u0431\u0435\u0441\u043f\u043b\u0430\u0442\u043d\u0430\u044f<br \/>\n\u2013 \u043c\u044b \u043e\u043a\u0430\u0437\u044b\u0432\u0430\u0435\u043c \u0443\u0441\u043b\u0443\u0433\u0443 \u043d\u0430 \u044d\u0441\u0442\u043e\u043d\u0441\u043a\u043e\u043c, \u0440\u0443\u0441\u0441\u043a\u043e\u043c \u0438 \u0430\u043d\u0433\u043b\u0438\u0439\u0441\u043a\u043e\u043c \u044f\u0437\u044b\u043a\u0430\u0445<\/p>\n<p>\u0423\u0437\u043d\u0430\u0439\u0442\u0435 \u0431\u043e\u043b\u044c\u0448\u0435 \u043e \u043f\u0440\u0430\u0432\u0438\u043b\u0430\u0445 \u043a\u0430\u0440\u0442\u044b ID06 \u0437\u0434\u0435\u0441\u044c <a href=\"http:\/\/id06scan.koolitamine.ee\/kkk\/\"><strong>\u0427\u0430\u0441\u0442\u043e \u0437\u0430\u0434\u0430\u0432\u0430\u0435\u043c\u044b\u0435 \u0432\u043e\u043f\u0440\u043e\u0441\u044b<\/strong><\/a><\/p>\n<p><img loading=\"lazy\" decoding=\"async\" class=\"wp-image-2096 size-full aligncenter\" src=\"http:\/\/id06.ee.klient.veebimajutus.ee\/wp-content\/uploads\/2019\/10\/ID06_3-1.png\" alt=\"\" width=\"700\" height=\"400\" srcset=\"https:\/\/id06.gowork.ee\/wp-content\/uploads\/2019\/10\/ID06_3-1.png 700w, https:\/\/id06.gowork.ee\/wp-content\/uploads\/2019\/10\/ID06_3-1-300x171.png 300w, https:\/\/id06.gowork.ee\/wp-content\/uploads\/2019\/10\/ID06_3-1-600x343.png 600w\" sizes=\"auto, (max-width: 700px) 100vw, 700px\" \/><\/p>\n\n\t<\/div> \n\t<\/div> \n<\/div>\n<\/div>","protected":false},"excerpt":{"rendered":"ID06 - elektrooniline isikute registreerimise\u00a0s\u00fcsteem Rootsi ehitusobjektidel. Ohutuma t\u00f6\u00f6keskkonna loomiseks ja illegaalse t\u00f6\u00f6j\u00f5u kasutamise takistamiseks on alates 01.01.2016 Rootsi ehitussektori peat\u00f6\u00f6v\u00f5tjad kohustatud korraldama ehitusobjektidel elektroonilise t\u00f6\u00f6- ja t\u00f6\u00f6aja registreerimise. Rootsi Ehitusettev\u00f5tete Liit ja teised suuremad t\u00f6\u00f6andjate liidud koost\u00f6\u00f6s Rootsi Maksuametiga (Skatteverket) on kasutusele v\u00f5tnud selle n\u00f5ude t\u00e4itmiseks ID06 elektroonilise s\u00fcsteemi. Ehitusobjektidel viibivad isikud (t\u00f6\u00f6tajad, ettev\u00f5tete [...]","protected":false},"author":1,"featured_media":0,"parent":0,"menu_order":0,"comment_status":"closed","ping_status":"closed","template":"page-template\/blank-page-sidebar.php","meta":{"footnotes":""},"class_list":["post-334","page","type-page","status-publish","hentry"],"_links":{"self":[{"href":"https:\/\/id06.gowork.ee\/rus\/wp-json\/wp\/v2\/pages\/334","targetHints":{"allow":["GET"]}}],"collection":[{"href":"https:\/\/id06.gowork.ee\/rus\/wp-json\/wp\/v2\/pages"}],"about":[{"href":"https:\/\/id06.gowork.ee\/rus\/wp-json\/wp\/v2\/types\/page"}],"author":[{"embeddable":true,"href":"https:\/\/id06.gowork.ee\/rus\/wp-json\/wp\/v2\/users\/1"}],"replies":[{"embeddable":true,"href":"https:\/\/id06.gowork.ee\/rus\/wp-json\/wp\/v2\/comments?post=334"}],"version-history":[{"count":5,"href":"https:\/\/id06.gowork.ee\/rus\/wp-json\/wp\/v2\/pages\/334\/revisions"}],"predecessor-version":[{"id":19357,"href":"https:\/\/id06.gowork.ee\/rus\/wp-json\/wp\/v2\/pages\/334\/revisions\/19357"}],"wp:attachment":[{"href":"https:\/\/id06.gowork.ee\/rus\/wp-json\/wp\/v2\/media?parent=334"}],"curies":[{"name":"wp","href":"https:\/\/api.w.org\/{rel}","templated":true}]}}