{"id":447,"date":"2018-11-24T05:38:13","date_gmt":"2018-11-24T05:38:13","guid":{"rendered":"http:\/\/pluginspoint.com\/dustrial\/?page_id=447"},"modified":"2026-04-06T21:02:16","modified_gmt":"2026-04-06T21:02:16","slug":"teenused-ja-hinnakiri","status":"publish","type":"page","link":"https:\/\/id06.gowork.ee\/rus\/teenused-ja-hinnakiri\/","title":{"rendered":"\u0423\u0441\u043b\u0443\u0433\u0438 \u0438 \u0426\u0435\u043d\u044b"},"content":{"rendered":"<div class=\"wpb-content-wrapper\"><div class=\"vc_row section-element\">\n\t<div class=\"vc_col-sm-12\">\n\t\t\t\n\t<div class=\"wpb_text_column wpb_content_element  vc_custom_1571817187830\">\n\t\t\t<table border=\"0\" cellspacing=\"1\" cellpadding=\"1\">\n<tbody>\n<tr>\n<td><strong>\u0423\u0441\u043b\u0443\u0433\u0438 \u0438 \u0426\u0435\u043d\u044b<\/strong><\/td>\n<td><strong>\u0426\u0435\u043d\u0430<\/strong><\/td>\n<\/tr>\n<tr>\n<td>\u0420\u0435\u0433\u0438\u0441\u0442\u0440\u0430\u0446\u0438\u044f \u043f\u0440\u0435\u0434\u043f\u0440\u0438\u044f\u0442\u0438\u044f \u0432 \u044d\u043b\u0435\u043a\u0442\u0440\u043e\u043d\u043d\u043e\u0439 \u0441\u0438\u0441\u0442\u0435\u043c\u0435 ID06, \u0432\u043a\u043b\u044e\u0447\u0430\u044f<br \/>\n\u0440\u0443\u0447\u043d\u0443\u044e \u0438\u0434\u0435\u043d\u0442\u0438\u0444\u0438\u043a\u0430\u0446\u0438\u044e \u043f\u0440\u0435\u0434\u0441\u0442\u0430\u0432\u0438\u0442\u0435\u043b\u0435\u0439 \u0438 \u0438\u043d\u0441\u0442\u0440\u0443\u043a\u0442\u0430\u0436<br \/>\n\u043f\u043e \u0438\u0441\u043f\u043e\u043b\u044c\u0437\u043e\u0432\u0430\u043d\u0438\u044e \u0441\u0438\u0441\u0442\u0435\u043c\u044b.<\/td>\n<td><span style=\"color: #ff0000;\"><span style=\"color: #ff0000;\"><span style=\"color: #ff0000;\"><strong><br \/>\n350 \u0435\u0432\u0440\u043e\/\u0432 \u0422\u0430\u043b\u043b\u0438\u043d\u0435<br \/>\n600 \u0435\u0432\u0440\u043e\/\u0432 \u0420\u0438\u0433\u0435<br \/>\n600 \u0435\u0432\u0440\u043e\/\u0432 \u0425\u0435\u043b\u044c\u0441\u0438\u043d\u043a\u0438<\/strong><\/span><\/span><\/span><\/td>\n<\/tr>\n<tr>\n<td>\u0420\u0443\u0447\u043d\u0430\u044f \u0438\u0434\u0435\u043d\u0442\u0438\u0444\u0438\u043a\u0430\u0446\u0438\u044f \u0440\u0430\u0431\u043e\u0442\u043d\u0438\u043a\u043e\u0432 \u0434\u043b\u044f \u0437\u0430\u043a\u0430\u0437\u0430 \u043a\u0430\u0440\u0442 ID06<\/td>\n<td><strong><strong><br \/>\n40 \u0435\u0432\u0440\u043e\/\u0440\u0430\u0431\u043e\u0442\u043d\u0438\u043a<\/strong><\/strong><\/td>\n<\/tr>\n<tr>\n<td>\u0420\u0443\u0447\u043d\u0430\u044f \u0438\u0434\u0435\u043d\u0442\u0438\u0444\u0438\u043a\u0430\u0446\u0438\u044f \u0440\u0430\u0431\u043e\u0442\u043d\u0438\u043a\u043e\u0432 \u0434\u043b\u044f \u0437\u0430\u043a\u0430\u0437\u0430 \u043a\u0430\u0440\u0442 ID06 \u0432 \u0420\u0438\u0433\u0435 \u0438\u043b\u0438 \u0425\u0435\u043b\u044c\u0441\u0438\u043d\u043a\u0438<br \/>\n*\u0426\u0435\u043d\u0430 \u0434\u043e 10 \u0447\u0435\u043b\u043e\u0432\u0435\u043a \u0432 \u0433\u0440\u0443\u043f\u043f\u0435.<\/td>\n<td><strong>600 \u0435\u0432\u0440\u043e<\/strong><br \/>\n\u0433\u0440\u0443\u043f\u043f\u043e\u0432\u0430\u044f \u0446\u0435\u043d\u0430* \u0432 \u0420\u0438\u0433\u0435 \u0438\u043b\u0438 \u0425\u0435\u043b\u044c\u0441\u0438\u043d\u043a\u0438<\/td>\n<\/tr>\n<tr>\n<td>\u0420\u0435\u0433\u0438\u0441\u0442\u0440\u0430\u0446\u0438\u044f \u043a\u043e\u043c\u043f\u0430\u043d\u0438\u0439 \u0438 \u043c\u0430\u043d\u0443\u0430\u043b\u044c\u043d\u0430\u044f \u0438\u0434\u0435\u043d\u0442\u0438\u0444\u0438\u043a\u0430\u0446\u0438\u044f \u0440\u0430\u0431\u043e\u0442\u043d\u0438\u043a\u043e\u0432 \u0434\u043b\u044f \u0437\u0430\u043a\u0430\u0437\u0430 \u043a\u0430\u0440\u0442\u043e\u0447\u0435\u043a ID06:<br \/>\n<strong>-\u0432 \u0432\u044b\u0445\u043e\u0434\u043d\u044b\u0435 \u0434\u043d\u0438 \u043f\u043e \u0434\u043e\u0433\u043e\u0432\u043e\u0440\u0435\u043d\u043d\u043e\u0441\u0442\u0438 \u0432 \u0422\u0430\u043b\u043b\u0438\u043d\u0435<br \/>\n\u0438\u043b\u0438<br \/>\n-\u0432 \u0443\u043a\u0430\u0437\u0430\u043d\u043d\u043e\u043c \u043a\u043b\u0438\u0435\u043d\u0442\u043e\u043c \u043c\u0435\u0441\u0442\u0435 (\u043d\u0430\u043f\u0440\u0438\u043c\u0435\u0440, \u043d\u0430 \u0441\u0442\u0440\u043e\u0438\u0442\u0435\u043b\u044c\u043d\u043e\u043c \u043e\u0431\u044a\u0435\u043a\u0442\u0435, \u0432 \u043e\u0444\u0438\u0441\u0435, \u043a\u043e\u043d\u0444\u0435\u0440\u0435\u043d\u0446-\u0437\u0430\u043b\u0435).<\/strong><\/td>\n<td>\u0426\u0435\u043d\u0430 \u0434\u043e\u0433\u043e\u0432\u043e\u0440\u043d\u0430\u044f, \n\u0421\u043f\u0440\u0430\u0448\u0438\u0432\u0430\u0439\u0442\u0435 \u043f\u0435\u0440\u0441\u043e\u043d\u0430\u043b\u044c\u043d\u043e\u0435 \u043f\u0440\u0435\u0434\u043b\u043e\u0436\u0435\u043d\u0438\u0435<\/td>\n<\/tr>\n<tr>\n<td><strong>\u0423\u043f\u0440\u0430\u0432\u043b\u0435\u043d\u0438\u0435 \u0441\u0447\u0451\u0442\u043e\u043c \u043a\u043e\u043c\u043f\u0430\u043d\u0438\u0438 ID06<\/strong><br \/>\n\u041f\u043e\u0441\u043a\u043e\u043b\u044c\u043a\u0443 \u0440\u0430\u0431\u043e\u0442\u0430 \u0438 \u0437\u0430\u043a\u0430\u0437 \u043a\u0430\u0440\u0442 \u0438\u0437 \u0432\u0430\u0448\u0435\u0439 \u0443\u0447\u0435\u0442\u043d\u043e\u0439 \u0437\u0430\u043f\u0438\u0441\u0438 ID06 \u0447\u0430\u0441\u0442\u043e \u044f\u0432\u043b\u044f\u0435\u0442\u0441\u044f \u0442\u0440\u0443\u0434\u043e\u0435\u043c\u043a\u0438\u043c \u0438 \u043e\u0431\u0440\u0435\u043c\u0435\u043d\u0438\u0442\u0435\u043b\u044c\u043d\u044b\u043c \u0437\u0430\u043d\u044f\u0442\u0438\u0435\u043c \u0434\u043b\u044f \u0440\u0443\u043a\u043e\u0432\u043e\u0434\u0438\u0442\u0435\u043b\u0435\u0439 \u043f\u0440\u0435\u0434\u043f\u0440\u0438\u044f\u0442\u0438\u0439,<br \/>\n\u0442\u043e \u0432 \u043f\u0440\u0435\u0434\u0435\u043b\u0430\u0445 \u0434\u0430\u043d\u043d\u044b\u0445 \u0432\u0430\u043c\u0438 \u043f\u043e\u043b\u043d\u043e\u043c\u043e\u0447\u0438\u0439:<br \/>\n\u2013 \u043c\u044b \u0444\u043e\u0442\u043e\u0433\u0440\u0430\u0444\u0438\u0440\u0443\u0435\u043c \u0440\u0430\u0431\u043e\u0442\u043d\u0438\u043a\u043e\u0432 \u0438 \u043e\u0444\u043e\u0440\u043c\u043b\u044f\u0435\u043c \u0437\u0430\u043a\u0430\u0437\u044b \u043d\u0430 \u043a\u0430\u0440\u0442\u044b ID06.<br \/>\n\u2013 \u043c\u044b \u043e\u0442\u0441\u043b\u0435\u0436\u0438\u0432\u0430\u0435\u043c \u0445\u043e\u0434 \u0432\u044b\u043f\u043e\u043b\u043d\u0435\u043d\u0438\u044f \u0437\u0430\u043a\u0430\u0437\u043e\u0432 \u043d\u0430 \u043a\u0430\u0440\u0442\u044b ID06 \u0434\u043b\u044f \u0432\u0430\u0448\u0438\u0445 \u0440\u0430\u0431\u043e\u0442\u043d\u0438\u043a\u043e\u0432 \u0443 \u043f\u0435\u0447\u0430\u0442\u043d\u0438\u043a\u043e\u0432 \u043a\u0430\u0440\u0442.<br \/>\n\u2013 \u041f\u0440\u043e\u0438\u043d\u0441\u0442\u0440\u0443\u043a\u0442\u0438\u0440\u0443\u0435\u043c \u0432\u0430\u0448\u0438\u0445 \u0441\u043e\u0442\u0440\u0443\u0434\u043d\u0438\u043a\u043e\u0432 \u043f\u043e \u0430\u043a\u0442\u0438\u0432\u0430\u0446\u0438\u0438 \u043a\u0430\u0440\u0442 \u0432 \u0430\u043a\u043a\u0430\u0443\u043d\u0442\u0435 ID06 \u043a\u0430\u043a \u0432 \u043e\u0444\u0438\u0441\u0435 \u0442\u0430\u043a \u0438 \u043f\u043e \u0442\u0435\u043b\u0435\u0444\u043e\u043d\u0443.<br \/>\n\u2013 \u0441\u043e\u0437\u0434\u0430\u043d\u0438\u0435 \u0430\u0434\u0440\u0435\u0441\u0430 \u044d\u043b\u0435\u043a\u0442\u0440\u043e\u043d\u043d\u043e\u0439 \u043f\u043e\u0447\u0442\u044b \u0434\u043b\u044f \u0440\u0430\u0431\u043e\u0442\u043d\u0438\u043a\u043e\u0432 \u0434\u043b\u044f \u0430\u043a\u0442\u0438\u0432\u0430\u0446\u0438\u0438 \u043a\u0430\u0440\u0442\u044b (\u043d\u0430 gmail \u0438\u043b\u0438 \u0430\u043d\u0430\u043b\u043e\u0433\u0438\u0447\u043d\u043e\u043c \u0441\u0435\u0440\u0432\u0435\u0440\u0435).<\/td>\n<td>80 \u0435\u0432\u0440\u043e\/\u0447<\/td>\n<\/tr>\n<tr>\n<td><strong>\u0421\u043e\u0441\u0442\u0430\u0432\u043b\u0435\u043d\u0438\u0435 \u0437\u0430\u044f\u0432\u043b\u0435\u043d\u0438\u0439 \u0434\u043b\u044f \u043d\u0430\u043b\u043e\u0433\u043e\u0432\u043e\u0439 \u0440\u0435\u0433\u0438\u0441\u0442\u0440\u0430\u0446\u0438\u0438 \u044e\u0440\u0438\u0434\u0438\u0447\u0435\u0441\u043a\u0438\u043c \u043b\u0438\u0446\u0430\u043c&nbsp;<em>(F-Skatt)<\/em>\u00a0\u0432 \u041d\u0430\u043b\u043e\u0433\u043e\u0432\u043e\u043c \u0434\u0435\u043f\u0430\u0440\u0442\u0430\u043c\u0435\u043d\u0442\u0435 \u0428\u0432\u0435\u0446\u0438\u0438.<\/strong><br \/>\n\u2013 \u0420\u0435\u0433\u0438\u0441\u0442\u0440\u0430\u0446\u0438\u044f \u0437\u0430\u044f\u0432\u043b\u0435\u043d\u0438\u044f \u043d\u0430 \u043f\u043e\u0441\u0442\u0430\u043d\u043e\u0432\u043a\u0443 \u043d\u0430 \u043d\u0430\u043b\u043e\u0433\u043e\u0432\u044b\u0439 \u0443\u0447\u0435\u0442 F-skatt (\u043f\u043b\u0430\u0442\u0435\u043b\u044c\u0449\u0438\u043a \u041d\u0414\u0421, \u0440\u0430\u0431\u043e\u0442\u043e\u0434\u0430\u0442\u0435\u043b\u044c)<br \/>\n\u2013 \u0421\u043e\u0441\u0442\u0430\u0432\u043b\u0435\u043d\u0438\u0435 \u0437\u0430\u044f\u0432\u043b\u0435\u043d\u0438\u044f \u0434\u043b\u044f \u0438\u0437\u043c\u0435\u043d\u0435\u043d\u0438\u044f \u0438 \u0434\u043e\u043f\u043e\u043b\u043d\u0435\u043d\u0438\u044f \u043d\u0430\u043b\u043e\u0433\u043e\u0432\u043e\u0439 \u0440\u0435\u0433\u0438\u0441\u0442\u0440\u0430\u0446\u0438\u0438 F-skatt<br \/>\n\u2013 \u0421\u043e\u0441\u0442\u0430\u0432\u043b\u0435\u043d\u0438\u0435 \u0437\u0430\u044f\u0432\u043b\u0435\u043d\u0438\u044f \u0434\u043b\u044f \u0437\u0430\u0432\u0435\u0440\u0448\u0435\u043d\u0438\u044f \u043d\u0430\u043b\u043e\u0433\u043e\u0432\u043e\u0439 \u0440\u0435\u0433\u0438\u0441\u0442\u0440\u0430\u0446\u0438\u0438 F-skatt<\/td>\n<td>250 \u0435\u0432\u0440\u043e\/\u0437\u0430\u044f\u0432\u043b\u0435\u043d\u0438\u0435<\/td>\n<\/tr>\n<tr>\n<td>\u0421\u043e\u0441\u0442\u0430\u0432\u043b\u0435\u043d\u0438\u0435 \u0437\u0430\u044f\u0432\u043b\u0435\u043d\u0438\u0439 \u0434\u043b\u044f \u043d\u0430\u043b\u043e\u0433\u043e\u0432\u043e\u0439 \u0440\u0435\u0433\u0438\u0441\u0442\u0440\u0430\u0446\u0438\u0438 \u0440\u0430\u0431\u043e\u0442\u043d\u0438\u043a\u0430\u043c&nbsp;<em>(A-Skatt)&nbsp;<\/em>\u0432 \u041d\u0430\u043b\u043e\u0433\u043e\u0432\u043e\u043c \u0434\u0435\u043f\u0430\u0440\u0442\u0430\u043c\u0435\u043d\u0442\u0435 \u0428\u0432\u0435\u0446\u0438\u0438.<\/td>\n<td>80 \u0435\u0432\u0440\u043e\/\u0440\u0430\u0431\u043e\u0447\u0438\u0439<\/td>\n<\/tr>\n<tr>\n<td><strong>\u041e\u0444\u043e\u0440\u043c\u043b\u0435\u043d\u0438\u0435 \u0438\u0437\u0432\u0435\u0449\u0435\u043d\u0438\u044f \u043e \u043a\u043e\u043c\u0430\u043d\u0434\u0438\u0440\u043e\u0432\u0430\u043d\u043d\u044b\u0445 \u0440\u0430\u0431\u043e\u0442\u043d\u0438\u043a\u0430\u0445<\/strong> \u0432 \u0428\u0432\u0435\u0434\u0441\u043a\u043e\u0435 \u0443\u043f\u0440\u0430\u0432\u043b\u0435\u043d\u0438\u0435 \u043f\u043e \u0443\u0441\u043b\u043e\u0432\u0438\u044f\u043c \u0442\u0440\u0443\u0434\u0430 (\u0432 \u041c\u0438\u043d\u0438\u0441\u0442\u0435\u0440\u0441\u0442\u0432\u043e \u041e\u0445\u0440\u0430\u043d\u044b \u0442\u0440\u0443\u0434\u0430) (Arbetsmilj\u00f6verket)<\/td>\n<td>20 \u0435\u0432\u0440\u043e\/\u0440\u0430\u0431\u043e\u0447\u0438\u0439<\/td>\n<\/tr>\n<\/tbody>\n<\/table>\n<p><strong>\u041a \u0446\u0435\u043d\u0430\u043c \u0434\u043e\u0431\u0430\u0432\u043b\u044f\u0435\u0442\u0441\u044f \u043d\u0430\u043b\u043e\u0433 \u0441 \u043e\u0431\u043e\u0440\u043e\u0442\u0430.\u00a0<\/strong><\/p>\n<p>\u0420\u0435\u0433\u0438\u0441\u0442\u0440\u0430\u0446\u0438\u044f \u043f\u0440\u0435\u0434\u043f\u0440\u0438\u044f\u0442\u0438\u044f \u0438 \u0440\u0443\u0447\u043d\u0430\u044f \u0438\u0434\u0435\u043d\u0442\u0438\u0444\u0438\u043a\u0430\u0446\u0438\u044f \u0440\u0430\u0431\u043e\u0442\u043d\u0438\u043a\u043e\u0432 (\u0432 \u0422\u0430\u043b\u043b\u0438\u043d\u0435, \u041f\u044f\u0440\u043d\u0443, \u0425\u0435\u043b\u044c\u0441\u0438\u043d\u043a\u0438 \u0438 \u0420\u0438\u0433\u0435)<br \/>\n<strong>ID06<\/strong> info ja kohtumisaegade broneerimine (E-R 10:00-16.00)<br \/>\n\u0422\u0435\u043b\u0435\u0444\u043e\u043d: <strong>+372 58802788<\/strong> (EST, RUS, ENG)<br \/>\n\u042d-\u043f\u043e\u0447\u0442\u0430: <strong><a href=\"mailto:id@koolitamine.ee\">\u202fid06@gowork.ee<\/a><\/strong>.<\/p>\n<p><strong><img loading=\"lazy\" decoding=\"async\" class=\"size-full wp-image-2399 aligncenter\" src=\"https:\/\/id06.ee\/wp-content\/uploads\/2020\/01\/ID06_kaart.jpg\" alt=\"\" width=\"1167\" height=\"900\" srcset=\"https:\/\/id06.gowork.ee\/wp-content\/uploads\/2020\/01\/ID06_kaart.jpg 1167w, https:\/\/id06.gowork.ee\/wp-content\/uploads\/2020\/01\/ID06_kaart-300x231.jpg 300w, https:\/\/id06.gowork.ee\/wp-content\/uploads\/2020\/01\/ID06_kaart-768x592.jpg 768w, https:\/\/id06.gowork.ee\/wp-content\/uploads\/2020\/01\/ID06_kaart-1024x790.jpg 1024w, https:\/\/id06.gowork.ee\/wp-content\/uploads\/2020\/01\/ID06_kaart-600x463.jpg 600w\" sizes=\"auto, (max-width: 1167px) 100vw, 1167px\" \/><\/strong><\/p>\n<p><img loading=\"lazy\" decoding=\"async\" class=\"aligncenter wp-image-2143 size-large\" src=\"http:\/\/id06.ee.klient.veebimajutus.ee\/wp-content\/uploads\/2019\/10\/ID06_teenused-1024x573.png\" alt=\"\" width=\"1024\" height=\"573\" srcset=\"https:\/\/id06.gowork.ee\/wp-content\/uploads\/2019\/10\/ID06_teenused-1024x573.png 1024w, https:\/\/id06.gowork.ee\/wp-content\/uploads\/2019\/10\/ID06_teenused-300x168.png 300w, https:\/\/id06.gowork.ee\/wp-content\/uploads\/2019\/10\/ID06_teenused-768x430.png 768w, https:\/\/id06.gowork.ee\/wp-content\/uploads\/2019\/10\/ID06_teenused-600x336.png 600w\" sizes=\"auto, (max-width: 1024px) 100vw, 1024px\" \/><\/p>\n\n\t<\/div> \n\t<\/div> \n<\/div>\n<\/div>","protected":false},"excerpt":{"rendered":"Teenused ja hinnakiri Hind Ettev\u00f5tte registreerimine ID06 elektroonilises s\u00fcsteemis\u00a0sh esindajate manuaalne isikutuvastamine ja s\u00fcsteemi kasutamise juhendamine. 350 eur \/Tallinnas 600 eur\/Riias 600 eur\/Helsingis T\u00f6\u00f6tajate manuaalne isikutuvastamine ID06 kaartide tellimiseks 40 eur\/t\u00f6\u00f6taja T\u00f6\u00f6tajate manuaalne isikutuvastamine ID06 kaartide tellimiseks Riias v\u00f5i Helsingis *Hind kuni 10 inimesele grupis. Iga lisanduv t\u00f6\u00f6taja 40 eur\/t\u00f6\u00f6taja. 600 eur grupihind* Riias v\u00f5i [...]","protected":false},"author":1,"featured_media":0,"parent":0,"menu_order":0,"comment_status":"closed","ping_status":"closed","template":"page-template\/blank-page-sidebar.php","meta":{"footnotes":""},"class_list":["post-447","page","type-page","status-publish","hentry"],"_links":{"self":[{"href":"https:\/\/id06.gowork.ee\/rus\/wp-json\/wp\/v2\/pages\/447","targetHints":{"allow":["GET"]}}],"collection":[{"href":"https:\/\/id06.gowork.ee\/rus\/wp-json\/wp\/v2\/pages"}],"about":[{"href":"https:\/\/id06.gowork.ee\/rus\/wp-json\/wp\/v2\/types\/page"}],"author":[{"embeddable":true,"href":"https:\/\/id06.gowork.ee\/rus\/wp-json\/wp\/v2\/users\/1"}],"replies":[{"embeddable":true,"href":"https:\/\/id06.gowork.ee\/rus\/wp-json\/wp\/v2\/comments?post=447"}],"version-history":[{"count":5,"href":"https:\/\/id06.gowork.ee\/rus\/wp-json\/wp\/v2\/pages\/447\/revisions"}],"predecessor-version":[{"id":19349,"href":"https:\/\/id06.gowork.ee\/rus\/wp-json\/wp\/v2\/pages\/447\/revisions\/19349"}],"wp:attachment":[{"href":"https:\/\/id06.gowork.ee\/rus\/wp-json\/wp\/v2\/media?parent=447"}],"curies":[{"name":"wp","href":"https:\/\/api.w.org\/{rel}","templated":true}]}}